{"id":100,"date":"2023-04-22T13:02:48","date_gmt":"2023-04-22T13:02:48","guid":{"rendered":"https:\/\/cameleon-systems.com\/mentions-legales"},"modified":"2023-04-22T13:23:34","modified_gmt":"2023-04-22T13:23:34","slug":"mentions-legales","status":"publish","type":"page","link":"https:\/\/cameleon-systems.com\/fr\/mentions-legales","title":{"rendered":"Mentions l\u00e9gales"},"content":{"rendered":"<p>[et_pb_section fb_built=\u00a0\u00bb1&Prime; _builder_version=\u00a0\u00bb4.20.4&Prime; _module_preset=\u00a0\u00bbdefault\u00a0\u00bb global_colors_info=\u00a0\u00bb{}\u00a0\u00bb][et_pb_row _builder_version=\u00a0\u00bb4.20.4&Prime; _module_preset=\u00a0\u00bbdefault\u00a0\u00bb global_colors_info=\u00a0\u00bb{}\u00a0\u00bb][et_pb_column type=\u00a0\u00bb4_4&Prime; _builder_version=\u00a0\u00bb4.20.4&Prime; _module_preset=\u00a0\u00bbdefault\u00a0\u00bb global_colors_info=\u00a0\u00bb{}\u00a0\u00bb][et_pb_text _builder_version=\u00a0\u00bb4.20.4&Prime; _module_preset=\u00a0\u00bbdefault\u00a0\u00bb global_colors_info=\u00a0\u00bb{}\u00a0\u00bb]<\/p>\n<h1>Mentions l\u00e9gales<\/h1>\n<h2>Informations selon \u00a7 5 TMG<\/h2>\n<p>SEHON Innovative Lackieranlagen GmbH<br \/>Herdweg 3<br \/>75391 Gechingen<br \/>Allemagne<\/p>\n<p>Registre du commerce : HRB 331623<br \/>Tribunal d&rsquo;enregistrement : Tribunal d&rsquo;instance de Stuttgart<\/p>\n<p><strong>Repr\u00e9sent\u00e9 par :<\/strong><br \/>Tiemo Sehon<\/p>\n<h2>Contact<\/h2>\n<p>T\u00e9l\u00e9phone : +49 7056 93955 0<br \/>T\u00e9l\u00e9copieur : +49 7056 93955 17<br \/>Courrier \u00e9lectronique : info@sehon.de<\/p>\n<h2>Num\u00e9ro d&rsquo;identification de la taxe sur le chiffre d&rsquo;affaires<\/h2>\n<p>Num\u00e9ro d&rsquo;identification de la taxe sur le chiffre d&rsquo;affaires conform\u00e9ment au \u00a7 27 a de la loi sur la taxe sur le chiffre d&rsquo;affaires :<br \/>DE813930923<\/p>\n<h2>Responsable de la r\u00e9daction<\/h2>\n<p>Michael Teschke<br \/>Kerkener Str. 7<br \/>47906 Kempen<br \/>Allemagne<\/p>\n<h2>R\u00e8glement des litiges de consommation\/organisme de conciliation universel<\/h2>\n<p>Nous ne sommes pas pr\u00eats ou oblig\u00e9s de participer \u00e0 des proc\u00e9dures de r\u00e8glement des litiges devant un organisme de conciliation des consommateurs.<\/p>\n<p>[\/et_pb_text][\/et_pb_column][\/et_pb_row][\/et_pb_section]<\/p>\n","protected":false},"excerpt":{"rendered":"<p>Mentions l\u00e9gales Informations selon \u00a7 5 TMG SEHON Innovative Lackieranlagen GmbHHerdweg 375391 GechingenAllemagne Registre du commerce : HRB 331623Tribunal d&rsquo;enregistrement : Tribunal d&rsquo;instance de Stuttgart Repr\u00e9sent\u00e9 par :Tiemo Sehon Contact T\u00e9l\u00e9phone : +49 7056 93955 0T\u00e9l\u00e9copieur : +49 7056 93955 17Courrier \u00e9lectronique : info@sehon.de Num\u00e9ro d&rsquo;identification de la taxe sur le chiffre d&rsquo;affaires Num\u00e9ro d&rsquo;identification [&hellip;]<\/p>\n","protected":false},"author":1,"featured_media":0,"parent":0,"menu_order":0,"comment_status":"closed","ping_status":"closed","template":"","meta":{"_et_pb_use_builder":"on","_et_pb_old_content":"","_et_gb_content_width":"","footnotes":""},"class_list":["post-100","page","type-page","status-publish","hentry"],"_links":{"self":[{"href":"https:\/\/cameleon-systems.com\/fr\/wp-json\/wp\/v2\/pages\/100","targetHints":{"allow":["GET"]}}],"collection":[{"href":"https:\/\/cameleon-systems.com\/fr\/wp-json\/wp\/v2\/pages"}],"about":[{"href":"https:\/\/cameleon-systems.com\/fr\/wp-json\/wp\/v2\/types\/page"}],"author":[{"embeddable":true,"href":"https:\/\/cameleon-systems.com\/fr\/wp-json\/wp\/v2\/users\/1"}],"replies":[{"embeddable":true,"href":"https:\/\/cameleon-systems.com\/fr\/wp-json\/wp\/v2\/comments?post=100"}],"version-history":[{"count":0,"href":"https:\/\/cameleon-systems.com\/fr\/wp-json\/wp\/v2\/pages\/100\/revisions"}],"wp:attachment":[{"href":"https:\/\/cameleon-systems.com\/fr\/wp-json\/wp\/v2\/media?parent=100"}],"curies":[{"name":"wp","href":"https:\/\/api.w.org\/{rel}","templated":true}]}}