{"id":207,"date":"2023-04-22T16:49:57","date_gmt":"2023-04-22T16:49:57","guid":{"rendered":"https:\/\/cameleon-systems.com\/contact"},"modified":"2023-05-01T15:07:20","modified_gmt":"2023-05-01T15:07:20","slug":"contact","status":"publish","type":"page","link":"https:\/\/cameleon-systems.com\/fr\/contact","title":{"rendered":"Contact"},"content":{"rendered":"<p>[et_pb_section fb_built=\u00a0\u00bb1&Prime; fullwidth=\u00a0\u00bbon\u00a0\u00bb _builder_version=\u00a0\u00bb4.20.4&Prime; _module_preset=\u00a0\u00bbdefault\u00a0\u00bb locked=\u00a0\u00bboff\u00a0\u00bb global_colors_info=\u00a0\u00bb{}\u00a0\u00bb][et_pb_fullwidth_image src=\u00a0\u00bbhttps:\/\/cameleon-systems.com\/wp-content\/uploads\/Cameleon-Header-2-Battery-Electric-Vehicle.jpg\u00a0\u00bb title_text=\u00a0\u00bbV\u00e9hicule \u00e9lectrique \u00e0 batterie Cameleon-Header-2&Prime; _builder_version=\u00a0\u00bb4.20.4&Prime; _module_preset=\u00a0\u00bbdefault\u00a0\u00bb global_colors_info=\u00a0\u00bb{}\u00a0\u00bb][\/et_pb_fullwidth_image][\/et_pb_section][et_pb_section fb_built=\u00a0\u00bb1&Prime; _builder_version=\u00a0\u00bb4.20.4&Prime; _module_preset=\u00a0\u00bbdefault\u00a0\u00bb global_colors_info=\u00a0\u00bb{}\u00a0\u00bb][et_pb_row column_structure=\u00a0\u00bb1_4,1_4,1_4,1_4&Prime; _builder_version=\u00a0\u00bb4.20.4&Prime; _module_preset=\u00a0\u00bbdefault\u00a0\u00bb global_colors_info=\u00a0\u00bb{}\u00a0\u00bb][et_pb_column type=\u00a0\u00bb1_4&Prime; _builder_version=\u00a0\u00bb4.20.4&Prime; _module_preset=\u00a0\u00bbdefault\u00a0\u00bb global_colors_info=\u00a0\u00bb{}\u00a0\u00bb][et_pb_text _builder_version=\u00a0\u00bb4.21.0&Prime; _module_preset=\u00a0\u00bbdefault\u00a0\u00bb global_colors_info=\u00a0\u00bb{}\u00a0\u00bb]<\/p>\n<h1>Contact<\/h1>\n<p>SEHON Innovative Lackieranlagen GmbH<br \/>Herdweg 3<br \/>75391 Gechingen<br \/>Allemagne<\/p>\n<p>T\u00e9l\u00e9phone : <a href=\"tel:+497056939550\">+49 7056 93955 0<\/a><br \/>T\u00e9l\u00e9copieur : +49 7056 93955 17<br \/>Courrier \u00e9lectronique : <a href=\"mailto:info@sehon.de\">info@sehon.de<\/a><\/p>\n<p>[\/et_pb_text][\/et_pb_column][et_pb_column type=\u00a0\u00bb1_4&Prime; _builder_version=\u00a0\u00bb4.20.4&Prime; _module_preset=\u00a0\u00bbdefault\u00a0\u00bb global_colors_info=\u00a0\u00bb{}\u00a0\u00bb][\/et_pb_column][et_pb_column type=\u00a0\u00bb1_4&Prime; _builder_version=\u00a0\u00bb4.20.4&Prime; _module_preset=\u00a0\u00bbdefault\u00a0\u00bb global_colors_info=\u00a0\u00bb{}\u00a0\u00bb][\/et_pb_column][et_pb_column type=\u00a0\u00bb1_4&Prime; _builder_version=\u00a0\u00bb4.20.4&Prime; _module_preset=\u00a0\u00bbdefault\u00a0\u00bb global_colors_info=\u00a0\u00bb{}\u00a0\u00bb][\/et_pb_column][\/et_pb_row][\/et_pb_section][et_pb_section fb_built=\u00a0\u00bb1&Prime; admin_label=\u00a0\u00bbH\u00e4ndler gesucht\u00a0\u00bb _builder_version=\u00a0\u00bb4.21.0&Prime; _module_preset=\u00a0\u00bbdefault\u00a0\u00bb locked=\u00a0\u00bboff\u00a0\u00bb global_colors_info=\u00a0\u00bb{}\u00a0\u00bb][et_pb_row _builder_version=\u00a0\u00bb4.21.0&Prime; _module_preset=\u00a0\u00bbdefault\u00a0\u00bb global_colors_info=\u00a0\u00bb{}\u00a0\u00bb][et_pb_column type=\u00a0\u00bb4_4&Prime; _builder_version=\u00a0\u00bb4.21.0&Prime; _module_preset=\u00a0\u00bbdefault\u00a0\u00bb global_colors_info=\u00a0\u00bb{}\u00a0\u00bb][et_pb_text _builder_version=\u00a0\u00bb4.21.0&Prime; _module_preset=\u00a0\u00bbdefault\u00a0\u00bb global_colors_info=\u00a0\u00bb{}\u00a0\u00bb]<\/p>\n<h2>Devenir partenaire syst\u00e8me et revendeur CAMELEON.<\/h2>\n<p>[\/et_pb_text][et_pb_text _builder_version=\u00a0\u00bb4.21.0&Prime; _module_preset=\u00a0\u00bbdefault\u00a0\u00bb global_colors_info=\u00a0\u00bb{}\u00a0\u00bb]<\/p>\n<p>CAMELEON<br \/>\n est un syst\u00e8me unique pour le service de r\u00e9paration s\u00e9curis\u00e9 des v\u00e9hicules \u00e9lectriques (BEV, HEV, PHEV, FCEV) et des carrosseries en acier, aluminium, carbone et mixtes. CAMELEON convainc par sa qualit\u00e9 exceptionnelle, sa technologie de pointe et son savoir-faire unique. Aucun autre syst\u00e8me comparable n&rsquo;offre autant de s\u00e9curit\u00e9 pour l&rsquo;entreprise, les collaborateurs, l&rsquo;atelier, les postes de travail, la nature et l&rsquo;environnement. CAMELEON<br \/>\n r\u00e9pond \u00e0 toutes les normes de s\u00e9curit\u00e9 allemandes, europ\u00e9ennes et am\u00e9ricaines et peut donc \u00eatre utilis\u00e9 presque partout dans le monde.<\/p>\n<p>[\/et_pb_text][\/et_pb_column][\/et_pb_row][et_pb_row column_structure=\u00a0\u00bb1_3,2_3&Prime; _builder_version=\u00a0\u00bb4.21.0&Prime; _module_preset=\u00a0\u00bbdefault\u00a0\u00bb global_colors_info=\u00a0\u00bb{}\u00a0\u00bb][et_pb_column type=\u00a0\u00bb1_3&Prime; _builder_version=\u00a0\u00bb4.21.0&Prime; _module_preset=\u00a0\u00bbdefault\u00a0\u00bb global_colors_info=\u00a0\u00bb{}\u00a0\u00bb][et_pb_image src=\u00a0\u00bbhttps:\/\/cameleon-systems.com\/wp-content\/uploads\/Weltkarte-mit-Cameleon-Haendlernetzwerk.jpg\u00a0\u00bb title_text=\u00a0\u00bbCarte du monde avec le r\u00e9seau de revendeurs Cameleon\u00a0\u00bb _builder_version=\u00a0\u00bb4.21.0&Prime; _module_preset=\u00a0\u00bbdefault\u00a0\u00bb global_colors_info=\u00a0\u00bb{}\u00a0\u00bb][\/et_pb_image][\/et_pb_column][et_pb_column type=\u00a0\u00bb2_3&Prime; _builder_version=\u00a0\u00bb4.21.0&Prime; _module_preset=\u00a0\u00bbdefault\u00a0\u00bb global_colors_info=\u00a0\u00bb{}\u00a0\u00bb][et_pb_text _builder_version=\u00a0\u00bb4.21.0&Prime; _module_preset=\u00a0\u00bbdefault\u00a0\u00bb global_colors_info=\u00a0\u00bb{}\u00a0\u00bb]<\/p>\n<p>Vous \u00eates distributeur de pi\u00e8ces d\u00e9tach\u00e9es automobiles, d&rsquo;accessoires automobiles et d&rsquo;\u00e9quipements de garage. Vous \u00eates constructeur automobile, grossiste ou fournisseur automobile. Ils approvisionnent les garages pour v\u00e9hicules, les ateliers de r\u00e9paration automobile, les carrosseries et les ateliers de peinture, les entreprises d&rsquo;entretien automobile. &#8211; Devenez revendeur CAMELEON . Appelez-nous ou \u00e9crivez-nous. Nous nous r\u00e9jouissons de vous accueillir.<\/p>\n<p>[\/et_pb_text][\/et_pb_column][\/et_pb_row][\/et_pb_section]<\/p>\n","protected":false},"excerpt":{"rendered":"<p>Contact SEHON Innovative Lackieranlagen GmbHHerdweg 375391 GechingenAllemagne T\u00e9l\u00e9phone : +49 7056 93955 0T\u00e9l\u00e9copieur : +49 7056 93955 17Courrier \u00e9lectronique : info@sehon.deDevenir partenaire syst\u00e8me et revendeur CAMELEON.CAMELEON est un syst\u00e8me unique pour le service de r\u00e9paration s\u00e9curis\u00e9 des v\u00e9hicules \u00e9lectriques (BEV, HEV, PHEV, FCEV) et des carrosseries en acier, aluminium, carbone et mixtes. CAMELEON convainc par [&hellip;]<\/p>\n","protected":false},"author":1,"featured_media":0,"parent":0,"menu_order":0,"comment_status":"closed","ping_status":"closed","template":"","meta":{"_et_pb_use_builder":"on","_et_pb_old_content":"","_et_gb_content_width":"","footnotes":""},"class_list":["post-207","page","type-page","status-publish","hentry"],"_links":{"self":[{"href":"https:\/\/cameleon-systems.com\/fr\/wp-json\/wp\/v2\/pages\/207","targetHints":{"allow":["GET"]}}],"collection":[{"href":"https:\/\/cameleon-systems.com\/fr\/wp-json\/wp\/v2\/pages"}],"about":[{"href":"https:\/\/cameleon-systems.com\/fr\/wp-json\/wp\/v2\/types\/page"}],"author":[{"embeddable":true,"href":"https:\/\/cameleon-systems.com\/fr\/wp-json\/wp\/v2\/users\/1"}],"replies":[{"embeddable":true,"href":"https:\/\/cameleon-systems.com\/fr\/wp-json\/wp\/v2\/comments?post=207"}],"version-history":[{"count":0,"href":"https:\/\/cameleon-systems.com\/fr\/wp-json\/wp\/v2\/pages\/207\/revisions"}],"wp:attachment":[{"href":"https:\/\/cameleon-systems.com\/fr\/wp-json\/wp\/v2\/media?parent=207"}],"curies":[{"name":"wp","href":"https:\/\/api.w.org\/{rel}","templated":true}]}}